{"id":227,"date":"2023-03-20T13:00:54","date_gmt":"2023-03-20T13:00:54","guid":{"rendered":"http:\/\/artjaluzele.ideea.studio\/?page_id=227"},"modified":"2026-04-23T16:33:22","modified_gmt":"2026-04-23T13:33:22","slug":"contact","status":"publish","type":"page","link":"https:\/\/artjaluzele.md\/ro\/contact\/","title":{"rendered":"Contacte"},"content":{"rendered":"<div data-elementor-type=\"wp-page\" data-elementor-id=\"227\" class=\"elementor elementor-227\" data-elementor-post-type=\"page\">\n\t\t\t\t\t\t<section class=\"elementor-section elementor-top-section elementor-element elementor-element-126f3be elementor-section-boxed elementor-section-height-default elementor-section-height-default\" data-id=\"126f3be\" data-element_type=\"section\" data-settings=\"{&quot;wdt_bg_image&quot;:{&quot;url&quot;:&quot;&quot;,&quot;id&quot;:&quot;&quot;,&quot;size&quot;:&quot;&quot;},&quot;wdt_bg_image_widescreen&quot;:{&quot;url&quot;:&quot;&quot;,&quot;id&quot;:&quot;&quot;,&quot;size&quot;:&quot;&quot;},&quot;wdt_bg_image_laptop&quot;:{&quot;url&quot;:&quot;&quot;,&quot;id&quot;:&quot;&quot;,&quot;size&quot;:&quot;&quot;},&quot;wdt_bg_image_tablet_extra&quot;:{&quot;url&quot;:&quot;&quot;,&quot;id&quot;:&quot;&quot;,&quot;size&quot;:&quot;&quot;},&quot;wdt_bg_image_tablet&quot;:{&quot;url&quot;:&quot;&quot;,&quot;id&quot;:&quot;&quot;,&quot;size&quot;:&quot;&quot;},&quot;wdt_bg_image_mobile_extra&quot;:{&quot;url&quot;:&quot;&quot;,&quot;id&quot;:&quot;&quot;,&quot;size&quot;:&quot;&quot;},&quot;wdt_bg_image_mobile&quot;:{&quot;url&quot;:&quot;&quot;,&quot;id&quot;:&quot;&quot;,&quot;size&quot;:&quot;&quot;},&quot;wdt_bg_position&quot;:&quot;center center&quot;,&quot;wdt_animation_effect&quot;:&quot;none&quot;}\">\n\t\t\t\t\t\t<div class=\"elementor-container elementor-column-gap-no\">\n\t\t\t\t\t<div class=\"elementor-column elementor-col-100 elementor-top-column elementor-element elementor-element-da1a8e3\" data-id=\"da1a8e3\" data-element_type=\"column\">\n\t\t\t<div class=\"elementor-widget-wrap elementor-element-populated\">\n\t\t\t\t\t\t<section class=\"elementor-section elementor-inner-section elementor-element elementor-element-39cc7be elementor-section-full_width elementor-section-height-default elementor-section-height-default\" data-id=\"39cc7be\" data-element_type=\"section\" data-settings=\"{&quot;wdt_bg_image&quot;:{&quot;url&quot;:&quot;&quot;,&quot;id&quot;:&quot;&quot;,&quot;size&quot;:&quot;&quot;},&quot;wdt_bg_image_widescreen&quot;:{&quot;url&quot;:&quot;&quot;,&quot;id&quot;:&quot;&quot;,&quot;size&quot;:&quot;&quot;},&quot;wdt_bg_image_laptop&quot;:{&quot;url&quot;:&quot;&quot;,&quot;id&quot;:&quot;&quot;,&quot;size&quot;:&quot;&quot;},&quot;wdt_bg_image_tablet_extra&quot;:{&quot;url&quot;:&quot;&quot;,&quot;id&quot;:&quot;&quot;,&quot;size&quot;:&quot;&quot;},&quot;wdt_bg_image_tablet&quot;:{&quot;url&quot;:&quot;&quot;,&quot;id&quot;:&quot;&quot;,&quot;size&quot;:&quot;&quot;},&quot;wdt_bg_image_mobile_extra&quot;:{&quot;url&quot;:&quot;&quot;,&quot;id&quot;:&quot;&quot;,&quot;size&quot;:&quot;&quot;},&quot;wdt_bg_image_mobile&quot;:{&quot;url&quot;:&quot;&quot;,&quot;id&quot;:&quot;&quot;,&quot;size&quot;:&quot;&quot;},&quot;wdt_bg_position&quot;:&quot;center center&quot;,&quot;wdt_animation_effect&quot;:&quot;none&quot;}\">\n\t\t\t\t\t\t<div class=\"elementor-container elementor-column-gap-no\">\n\t\t\t\t\t<div class=\"elementor-column elementor-col-50 elementor-inner-column elementor-element elementor-element-591cb0f\" data-id=\"591cb0f\" data-element_type=\"column\">\n\t\t\t<div class=\"elementor-widget-wrap elementor-element-populated\">\n\t\t\t\t\t\t<div class=\"elementor-element elementor-element-5aa7a95 elementor-widget elementor-widget-heading\" data-id=\"5aa7a95\" data-element_type=\"widget\" data-settings=\"{&quot;wdt_animation_effect&quot;:&quot;none&quot;}\" data-widget_type=\"heading.default\">\n\t\t\t\t<div class=\"elementor-widget-container\">\n\t\t\t\t\t<h3 class=\"elementor-heading-title elementor-size-default\"><b>Profita\u021bi de o oportunitate unic\u0103<\/b> <\/h3>\t\t\t\t<\/div>\n\t\t\t\t<\/div>\n\t\t\t\t<div class=\"elementor-element elementor-element-77cdc0d elementor-widget elementor-widget-text-editor\" data-id=\"77cdc0d\" data-element_type=\"widget\" data-settings=\"{&quot;wdt_animation_effect&quot;:&quot;none&quot;}\" data-widget_type=\"text-editor.default\">\n\t\t\t\t<div class=\"elementor-widget-container\">\n\t\t\t\t\t\t\t\t\t<div class=\"flex-shrink-0 flex flex-col relative items-end\"><div><div class=\"pt-0\"><div class=\"gizmo-bot-avatar flex h-8 w-8 items-center justify-center overflow-hidden rounded-full\"><div class=\"relative p-1 rounded-sm flex items-center justify-center bg-token-main-surface-primary text-token-text-primary h-8 w-8\"><strong>Ob\u021bine\u021bi o reducere de 15% la prima comand\u0103<\/strong> \u0438 \u0432\u043e\u0441\u043f\u043e\u043b\u044c\u0437\u0443\u0439\u0442\u0435\u0441\u044c \u043f\u043e\u043b\u043d\u044b\u043c \u043f\u0430\u043a\u0435\u0442\u043e\u043c \u0443\u0441\u043b\u0443\u0433: \u0431\u0435\u0441\u043f\u043b\u0430\u0442\u043d\u044b\u0439 \u0437\u0430\u043c\u0435\u0440, \u0434\u043e\u0441\u0442\u0430\u0432\u043a\u0430 \u0438 \u043c\u043e\u043d\u0442\u0430\u0436! \u0422\u0430\u043a \u0436\u0435, <strong>\u043e\u043f\u043b\u0430\u0447\u0438\u0432\u0430\u0439\u0442\u0435 \u0432 \u0440\u0430\u0441\u0441\u0440\u043e\u0447\u043a\u0443, \u0434\u043e 12 \u043c\u0435\u0441\u044f\u0446\u0435\u0432, \u043f\u043e\u0434 0%<\/strong> \u0433\u043e\u0434\u043e\u0432\u044b\u0445.<\/div><\/div><\/div><\/div><\/div>\t\t\t\t\t\t\t\t<\/div>\n\t\t\t\t<\/div>\n\t\t\t\t<div class=\"elementor-element elementor-element-1ef5d16 elementor-widget elementor-widget-heading\" data-id=\"1ef5d16\" data-element_type=\"widget\" data-settings=\"{&quot;wdt_animation_effect&quot;:&quot;none&quot;}\" data-widget_type=\"heading.default\">\n\t\t\t\t<div class=\"elementor-widget-container\">\n\t\t\t\t\t<h3 class=\"elementor-heading-title elementor-size-default\">Showroom<\/h3>\t\t\t\t<\/div>\n\t\t\t\t<\/div>\n\t\t\t\t<div class=\"elementor-element elementor-element-8e51b40 elementor-tablet-align-left elementor-icon-list--layout-traditional elementor-list-item-link-full_width elementor-widget elementor-widget-icon-list\" data-id=\"8e51b40\" data-element_type=\"widget\" data-settings=\"{&quot;wdt_animation_effect&quot;:&quot;none&quot;}\" data-widget_type=\"icon-list.default\">\n\t\t\t\t<div class=\"elementor-widget-container\">\n\t\t\t\t\t\t\t<ul class=\"elementor-icon-list-items\">\n\t\t\t\t\t\t\t<li class=\"elementor-icon-list-item\">\n\t\t\t\t\t\t\t\t\t\t\t<a href=\"tel:+37361153153\">\n\n\t\t\t\t\t\t\t\t\t\t\t\t<span class=\"elementor-icon-list-icon\">\n\t\t\t\t\t\t\t<i aria-hidden=\"true\" class=\"fas fa-phone-alt\"><\/i>\t\t\t\t\t\t<\/span>\n\t\t\t\t\t\t\t\t\t\t<span class=\"elementor-icon-list-text\">+373 61 153 153<\/span>\n\t\t\t\t\t\t\t\t\t\t\t<\/a>\n\t\t\t\t\t\t\t\t\t<\/li>\n\t\t\t\t\t\t\t\t<li class=\"elementor-icon-list-item\">\n\t\t\t\t\t\t\t\t\t\t\t<span class=\"elementor-icon-list-icon\">\n\t\t\t\t\t\t\t<i aria-hidden=\"true\" class=\"fas fa-clock\"><\/i>\t\t\t\t\t\t<\/span>\n\t\t\t\t\t\t\t\t\t\t<span class=\"elementor-icon-list-text\">Luni \u2013 Vineri: 09:00\u201317:00<\/span>\n\t\t\t\t\t\t\t\t\t<\/li>\n\t\t\t\t\t\t\t\t<li class=\"elementor-icon-list-item\">\n\t\t\t\t\t\t\t\t\t\t\t<span class=\"elementor-icon-list-icon\">\n\t\t\t\t\t\t\t<i aria-hidden=\"true\" class=\"fas fa-clock\"><\/i>\t\t\t\t\t\t<\/span>\n\t\t\t\t\t\t\t\t\t\t<span class=\"elementor-icon-list-text\">S\u00eemb\u0103t\u0103: la solicitare<\/span>\n\t\t\t\t\t\t\t\t\t<\/li>\n\t\t\t\t\t\t\t\t<li class=\"elementor-icon-list-item\">\n\t\t\t\t\t\t\t\t\t\t\t<span class=\"elementor-icon-list-icon\">\n\t\t\t\t\t\t\t<i aria-hidden=\"true\" class=\"far fa-circle\"><\/i>\t\t\t\t\t\t<\/span>\n\t\t\t\t\t\t\t\t\t\t<span class=\"elementor-icon-list-text\">Duminic\u0103: \u00eenchis<\/span>\n\t\t\t\t\t\t\t\t\t<\/li>\n\t\t\t\t\t\t<\/ul>\n\t\t\t\t\t\t<\/div>\n\t\t\t\t<\/div>\n\t\t\t\t<div class=\"elementor-element elementor-element-7b7582c elementor-widget elementor-widget-heading\" data-id=\"7b7582c\" data-element_type=\"widget\" data-settings=\"{&quot;wdt_animation_effect&quot;:&quot;none&quot;}\" data-widget_type=\"heading.default\">\n\t\t\t\t<div class=\"elementor-widget-container\">\n\t\t\t\t\t<h3 class=\"elementor-heading-title elementor-size-default\">Servicii de m\u0103surare \u0219i montaj<\/h3>\t\t\t\t<\/div>\n\t\t\t\t<\/div>\n\t\t\t\t<div class=\"elementor-element elementor-element-9b3db8f elementor-tablet-align-left elementor-icon-list--layout-traditional elementor-list-item-link-full_width elementor-widget elementor-widget-icon-list\" data-id=\"9b3db8f\" data-element_type=\"widget\" data-settings=\"{&quot;wdt_animation_effect&quot;:&quot;none&quot;}\" data-widget_type=\"icon-list.default\">\n\t\t\t\t<div class=\"elementor-widget-container\">\n\t\t\t\t\t\t\t<ul class=\"elementor-icon-list-items\">\n\t\t\t\t\t\t\t<li class=\"elementor-icon-list-item\">\n\t\t\t\t\t\t\t\t\t\t\t<a href=\"tel:+37361153153\">\n\n\t\t\t\t\t\t\t\t\t\t\t\t<span class=\"elementor-icon-list-icon\">\n\t\t\t\t\t\t\t<i aria-hidden=\"true\" class=\"fas fa-phone-alt\"><\/i>\t\t\t\t\t\t<\/span>\n\t\t\t\t\t\t\t\t\t\t<span class=\"elementor-icon-list-text\">+373 61 153 153<\/span>\n\t\t\t\t\t\t\t\t\t\t\t<\/a>\n\t\t\t\t\t\t\t\t\t<\/li>\n\t\t\t\t\t\t\t\t<li class=\"elementor-icon-list-item\">\n\t\t\t\t\t\t\t\t\t\t\t<span class=\"elementor-icon-list-icon\">\n\t\t\t\t\t\t\t<i aria-hidden=\"true\" class=\"fas fa-clock\"><\/i>\t\t\t\t\t\t<\/span>\n\t\t\t\t\t\t\t\t\t\t<span class=\"elementor-icon-list-text\">Luni - S\u00eemb\u0103t\u0103: 08:30 - 18:30<\/span>\n\t\t\t\t\t\t\t\t\t<\/li>\n\t\t\t\t\t\t\t\t<li class=\"elementor-icon-list-item\">\n\t\t\t\t\t\t\t\t\t\t\t<span class=\"elementor-icon-list-icon\">\n\t\t\t\t\t\t\t<i aria-hidden=\"true\" class=\"far fa-circle\"><\/i>\t\t\t\t\t\t<\/span>\n\t\t\t\t\t\t\t\t\t\t<span class=\"elementor-icon-list-text\">Duminic\u0103: \u00eenchis<\/span>\n\t\t\t\t\t\t\t\t\t<\/li>\n\t\t\t\t\t\t<\/ul>\n\t\t\t\t\t\t<\/div>\n\t\t\t\t<\/div>\n\t\t\t\t\t<\/div>\n\t\t<\/div>\n\t\t\t\t<div class=\"elementor-column elementor-col-50 elementor-inner-column elementor-element elementor-element-0780c52\" data-id=\"0780c52\" data-element_type=\"column\">\n\t\t\t<div class=\"elementor-widget-wrap elementor-element-populated\">\n\t\t\t\t\t\t<div class=\"elementor-element elementor-element-f52df4b elementor-widget elementor-widget-heading\" data-id=\"f52df4b\" data-element_type=\"widget\" data-settings=\"{&quot;wdt_animation_effect&quot;:&quot;none&quot;}\" data-widget_type=\"heading.default\">\n\t\t\t\t<div class=\"elementor-widget-container\">\n\t\t\t\t\t<h2 class=\"elementor-heading-title elementor-size-default\">Comanda\u021bi un apel<\/h2>\t\t\t\t<\/div>\n\t\t\t\t<\/div>\n\t\t\t\t<div class=\"elementor-element elementor-element-246383a wdt-cus-contactpage-form elementor-widget elementor-widget-shortcode\" data-id=\"246383a\" data-element_type=\"widget\" data-settings=\"{&quot;wdt_animation_effect&quot;:&quot;none&quot;}\" data-widget_type=\"shortcode.default\">\n\t\t\t\t<div class=\"elementor-widget-container\">\n\t\t\t\t\t\t\t<div class=\"elementor-shortcode\">\n<div class=\"wpcf7 no-js\" id=\"wpcf7-f262-o1\" lang=\"en-US\" dir=\"ltr\" data-wpcf7-id=\"262\">\n<div class=\"screen-reader-response\"><p role=\"status\" aria-live=\"polite\" aria-atomic=\"true\"><\/p> <ul><\/ul><\/div>\n<form action=\"\/ro\/wp-json\/wp\/v2\/pages\/227#wpcf7-f262-o1\" method=\"post\" class=\"wpcf7-form init\" aria-label=\"Contact form\" novalidate=\"novalidate\" data-status=\"init\" data-trp-original-action=\"\/ro\/wp-json\/wp\/v2\/pages\/227#wpcf7-f262-o1\">\n<div style=\"display: none;\">\n<input type=\"hidden\" name=\"_wpcf7\" value=\"262\" \/>\n<input type=\"hidden\" name=\"_wpcf7_version\" value=\"6.0.6\" \/>\n<input type=\"hidden\" name=\"_wpcf7_locale\" value=\"en_US\" \/>\n<input type=\"hidden\" name=\"_wpcf7_unit_tag\" value=\"wpcf7-f262-o1\" \/>\n<input type=\"hidden\" name=\"_wpcf7_container_post\" value=\"0\" \/>\n<input type=\"hidden\" name=\"_wpcf7_posted_data_hash\" value=\"\" \/>\n<\/div>\n<div class=\"contact-page-form\">\n\t<div class=\"contact-form-col-1\">\n\t\t<p><span class=\"wpcf7-form-control-wrap\" data-name=\"first-name\"><input size=\"40\" maxlength=\"400\" class=\"wpcf7-form-control wpcf7-text wpcf7-validates-as-required\" aria-required=\"true\" aria-invalid=\"false\" placeholder=\"Numele dvs.*\" value=\"\" type=\"text\" name=\"first-name\" \/><\/span>\n\t\t<\/p>\n\t<\/div>\n\t<div class=\"contact-form-col-3\">\n\t\t<p><span class=\"wpcf7-form-control-wrap\" data-name=\"tel-182\"><input size=\"40\" maxlength=\"400\" class=\"wpcf7-form-control wpcf7-tel wpcf7-validates-as-required wpcf7-text wpcf7-validates-as-tel\" aria-required=\"true\" aria-invalid=\"false\" placeholder=\"Telefonul dvs.*\" value=\"\" type=\"tel\" name=\"tel-182\" \/><\/span>\n\t\t<\/p>\n\t<\/div>\n\t<div class=\"contact-form-col-4\">\n\t\t<p><span class=\"wpcf7-form-control-wrap\" data-name=\"textbox\"><textarea cols=\"40\" rows=\"10\" maxlength=\"2000\" class=\"wpcf7-form-control wpcf7-textarea\" aria-invalid=\"false\" placeholder=\"Textul mesajului\" name=\"textbox\"><\/textarea><\/span>\n\t\t<\/p>\n\t<\/div>\n\t<div class=\"contact-form-col-5 form-btn\">\n\t\t<p><input class=\"wpcf7-form-control wpcf7-submit has-spinner\" type=\"submit\" value=\"Trimite\" \/>\n\t\t<\/p>\n\t<\/div>\n<\/div><div class=\"wpcf7-response-output\" aria-hidden=\"true\"><\/div>\n<input type=\"hidden\" name=\"trp-form-language\" value=\"ro\"\/><\/form>\n<\/div>\n<\/div>\n\t\t\t\t\t\t<\/div>\n\t\t\t\t<\/div>\n\t\t\t\t\t<\/div>\n\t\t<\/div>\n\t\t\t\t\t<\/div>\n\t\t<\/section>\n\t\t\t\t\t<\/div>\n\t\t<\/div>\n\t\t\t\t\t<\/div>\n\t\t<\/section>\n\t\t\t\t<section class=\"elementor-section elementor-top-section elementor-element elementor-element-b3f9f48 elementor-section-boxed elementor-section-height-default elementor-section-height-default\" data-id=\"b3f9f48\" data-element_type=\"section\" data-settings=\"{&quot;wdt_bg_image&quot;:{&quot;url&quot;:&quot;&quot;,&quot;id&quot;:&quot;&quot;,&quot;size&quot;:&quot;&quot;},&quot;wdt_bg_image_widescreen&quot;:{&quot;url&quot;:&quot;&quot;,&quot;id&quot;:&quot;&quot;,&quot;size&quot;:&quot;&quot;},&quot;wdt_bg_image_laptop&quot;:{&quot;url&quot;:&quot;&quot;,&quot;id&quot;:&quot;&quot;,&quot;size&quot;:&quot;&quot;},&quot;wdt_bg_image_tablet_extra&quot;:{&quot;url&quot;:&quot;&quot;,&quot;id&quot;:&quot;&quot;,&quot;size&quot;:&quot;&quot;},&quot;wdt_bg_image_tablet&quot;:{&quot;url&quot;:&quot;&quot;,&quot;id&quot;:&quot;&quot;,&quot;size&quot;:&quot;&quot;},&quot;wdt_bg_image_mobile_extra&quot;:{&quot;url&quot;:&quot;&quot;,&quot;id&quot;:&quot;&quot;,&quot;size&quot;:&quot;&quot;},&quot;wdt_bg_image_mobile&quot;:{&quot;url&quot;:&quot;&quot;,&quot;id&quot;:&quot;&quot;,&quot;size&quot;:&quot;&quot;},&quot;wdt_bg_position&quot;:&quot;center center&quot;,&quot;wdt_animation_effect&quot;:&quot;none&quot;}\">\n\t\t\t\t\t\t<div class=\"elementor-container elementor-column-gap-no\">\n\t\t\t\t\t<div class=\"elementor-column elementor-col-100 elementor-top-column elementor-element elementor-element-2e20b50\" data-id=\"2e20b50\" data-element_type=\"column\">\n\t\t\t<div class=\"elementor-widget-wrap elementor-element-populated\">\n\t\t\t\t\t\t<div class=\"elementor-element elementor-element-7e0fa67 elementor-widget elementor-widget-image-gallery\" data-id=\"7e0fa67\" data-element_type=\"widget\" data-settings=\"{&quot;wdt_animation_effect&quot;:&quot;none&quot;}\" data-widget_type=\"image-gallery.default\">\n\t\t\t\t<div class=\"elementor-widget-container\">\n\t\t\t\t\t\t\t<div class=\"elementor-image-gallery\">\n\t\t\t<div id='gallery-1' class='gallery galleryid-227 gallery-columns-5 gallery-size-medium'><figure class='gallery-item'>\n\t\t\t<div class='gallery-icon portrait'>\n\t\t\t\t<a data-elementor-open-lightbox=\"yes\" data-elementor-lightbox-slideshow=\"7e0fa67\" data-elementor-lightbox-title=\"2\" data-e-action-hash=\"#elementor-action%3Aaction%3Dlightbox%26settings%3DeyJpZCI6MTc2NSwidXJsIjoiaHR0cHM6XC9cL2FydGphbHV6ZWxlLm1kXC93cC1jb250ZW50XC91cGxvYWRzXC8yMDI1XC8wM1wvMi5wbmciLCJzbGlkZXNob3ciOiI3ZTBmYTY3In0%3D\" href='https:\/\/artjaluzele.md\/wp-content\/uploads\/2025\/03\/2.png'><img fetchpriority=\"high\" decoding=\"async\" width=\"297\" height=\"300\" src=\"https:\/\/artjaluzele.md\/wp-content\/uploads\/2025\/03\/2-297x300.png\" class=\"attachment-medium size-medium\" alt=\"\" srcset=\"https:\/\/artjaluzele.md\/wp-content\/uploads\/2025\/03\/2-297x300.png 297w, https:\/\/artjaluzele.md\/wp-content\/uploads\/2025\/03\/2-100x100.png 100w, https:\/\/artjaluzele.md\/wp-content\/uploads\/2025\/03\/2-50x50.png 50w, https:\/\/artjaluzele.md\/wp-content\/uploads\/2025\/03\/2.png 594w\" sizes=\"(max-width: 297px) 100vw, 297px\" \/><\/a>\n\t\t\t<\/div><\/figure><figure class='gallery-item'>\n\t\t\t<div class='gallery-icon portrait'>\n\t\t\t\t<a data-elementor-open-lightbox=\"yes\" data-elementor-lightbox-slideshow=\"7e0fa67\" data-elementor-lightbox-title=\"3\" data-e-action-hash=\"#elementor-action%3Aaction%3Dlightbox%26settings%3DeyJpZCI6MTc2NiwidXJsIjoiaHR0cHM6XC9cL2FydGphbHV6ZWxlLm1kXC93cC1jb250ZW50XC91cGxvYWRzXC8yMDI1XC8wM1wvMy5wbmciLCJzbGlkZXNob3ciOiI3ZTBmYTY3In0%3D\" href='https:\/\/artjaluzele.md\/wp-content\/uploads\/2025\/03\/3.png'><img decoding=\"async\" width=\"297\" height=\"300\" src=\"https:\/\/artjaluzele.md\/wp-content\/uploads\/2025\/03\/3-297x300.png\" class=\"attachment-medium size-medium\" alt=\"\" srcset=\"https:\/\/artjaluzele.md\/wp-content\/uploads\/2025\/03\/3-297x300.png 297w, https:\/\/artjaluzele.md\/wp-content\/uploads\/2025\/03\/3-100x100.png 100w, https:\/\/artjaluzele.md\/wp-content\/uploads\/2025\/03\/3-50x50.png 50w, https:\/\/artjaluzele.md\/wp-content\/uploads\/2025\/03\/3.png 594w\" sizes=\"(max-width: 297px) 100vw, 297px\" \/><\/a>\n\t\t\t<\/div><\/figure><figure class='gallery-item'>\n\t\t\t<div class='gallery-icon landscape'>\n\t\t\t\t<a data-elementor-open-lightbox=\"yes\" data-elementor-lightbox-slideshow=\"7e0fa67\" data-elementor-lightbox-title=\"11\" data-e-action-hash=\"#elementor-action%3Aaction%3Dlightbox%26settings%3DeyJpZCI6MTkwOSwidXJsIjoiaHR0cHM6XC9cL2FydGphbHV6ZWxlLm1kXC93cC1jb250ZW50XC91cGxvYWRzXC8yMDI1XC8wM1wvMTEucG5nIiwic2xpZGVzaG93IjoiN2UwZmE2NyJ9\" href='https:\/\/artjaluzele.md\/wp-content\/uploads\/2025\/03\/11.png'><img decoding=\"async\" width=\"300\" height=\"300\" src=\"https:\/\/artjaluzele.md\/wp-content\/uploads\/2025\/03\/11-300x300.png\" class=\"attachment-medium size-medium\" alt=\"\" srcset=\"https:\/\/artjaluzele.md\/wp-content\/uploads\/2025\/03\/11-300x300.png 300w, https:\/\/artjaluzele.md\/wp-content\/uploads\/2025\/03\/11-150x150.png 150w, https:\/\/artjaluzele.md\/wp-content\/uploads\/2025\/03\/11-768x768.png 768w, https:\/\/artjaluzele.md\/wp-content\/uploads\/2025\/03\/11-100x100.png 100w, https:\/\/artjaluzele.md\/wp-content\/uploads\/2025\/03\/11-50x50.png 50w, https:\/\/artjaluzele.md\/wp-content\/uploads\/2025\/03\/11.png 1000w\" sizes=\"(max-width: 300px) 100vw, 300px\" \/><\/a>\n\t\t\t<\/div><\/figure><figure class='gallery-item'>\n\t\t\t<div class='gallery-icon portrait'>\n\t\t\t\t<a data-elementor-open-lightbox=\"yes\" data-elementor-lightbox-slideshow=\"7e0fa67\" data-elementor-lightbox-title=\"4\" data-e-action-hash=\"#elementor-action%3Aaction%3Dlightbox%26settings%3DeyJpZCI6MTc2NywidXJsIjoiaHR0cHM6XC9cL2FydGphbHV6ZWxlLm1kXC93cC1jb250ZW50XC91cGxvYWRzXC8yMDI1XC8wM1wvNC5wbmciLCJzbGlkZXNob3ciOiI3ZTBmYTY3In0%3D\" href='https:\/\/artjaluzele.md\/wp-content\/uploads\/2025\/03\/4.png'><img loading=\"lazy\" decoding=\"async\" width=\"297\" height=\"300\" src=\"https:\/\/artjaluzele.md\/wp-content\/uploads\/2025\/03\/4-297x300.png\" class=\"attachment-medium size-medium\" alt=\"\" srcset=\"https:\/\/artjaluzele.md\/wp-content\/uploads\/2025\/03\/4-297x300.png 297w, https:\/\/artjaluzele.md\/wp-content\/uploads\/2025\/03\/4-100x100.png 100w, https:\/\/artjaluzele.md\/wp-content\/uploads\/2025\/03\/4-50x50.png 50w, https:\/\/artjaluzele.md\/wp-content\/uploads\/2025\/03\/4.png 594w\" sizes=\"(max-width: 297px) 100vw, 297px\" \/><\/a>\n\t\t\t<\/div><\/figure><figure class='gallery-item'>\n\t\t\t<div class='gallery-icon portrait'>\n\t\t\t\t<a data-elementor-open-lightbox=\"yes\" data-elementor-lightbox-slideshow=\"7e0fa67\" data-elementor-lightbox-title=\"6\" data-e-action-hash=\"#elementor-action%3Aaction%3Dlightbox%26settings%3DeyJpZCI6MTc3MiwidXJsIjoiaHR0cHM6XC9cL2FydGphbHV6ZWxlLm1kXC93cC1jb250ZW50XC91cGxvYWRzXC8yMDI1XC8wM1wvNi5wbmciLCJzbGlkZXNob3ciOiI3ZTBmYTY3In0%3D\" href='https:\/\/artjaluzele.md\/wp-content\/uploads\/2025\/03\/6.png'><img loading=\"lazy\" decoding=\"async\" width=\"297\" height=\"300\" src=\"https:\/\/artjaluzele.md\/wp-content\/uploads\/2025\/03\/6-297x300.png\" class=\"attachment-medium size-medium\" alt=\"\" srcset=\"https:\/\/artjaluzele.md\/wp-content\/uploads\/2025\/03\/6-297x300.png 297w, https:\/\/artjaluzele.md\/wp-content\/uploads\/2025\/03\/6-768x775.png 768w, https:\/\/artjaluzele.md\/wp-content\/uploads\/2025\/03\/6-100x100.png 100w, https:\/\/artjaluzele.md\/wp-content\/uploads\/2025\/03\/6-50x50.png 50w, https:\/\/artjaluzele.md\/wp-content\/uploads\/2025\/03\/6.png 951w\" sizes=\"(max-width: 297px) 100vw, 297px\" \/><\/a>\n\t\t\t<\/div><\/figure>\n\t\t<\/div>\n\t\t<\/div>\n\t\t\t\t\t\t<\/div>\n\t\t\t\t<\/div>\n\t\t\t\t\t<\/div>\n\t\t<\/div>\n\t\t\t\t\t<\/div>\n\t\t<\/section>\n\t\t\t\t<\/div>","protected":false},"excerpt":{"rendered":"<p>\u0412\u043e\u0441\u043f\u043e\u043b\u044c\u0437\u0443\u0439\u0442\u0435\u0441\u044c \u0443\u043d\u0438\u043a\u0430\u043b\u044c\u043d\u043e\u0439 \u0432\u043e\u0437\u043c\u043e\u0436\u043d\u043e\u0441\u0442\u044c\u044e \u041f\u043e\u043b\u0443\u0447\u0438\u0442\u0435 15% \u0441\u043a\u0438\u0434\u043a\u0443 \u043d\u0430 \u0432\u0430\u0448 \u043f\u0435\u0440\u0432\u044b\u0439 \u0437\u0430\u043a\u0430\u0437 \u0438 \u0432\u043e\u0441\u043f\u043e\u043b\u044c\u0437\u0443\u0439\u0442\u0435\u0441\u044c \u043f\u043e\u043b\u043d\u044b\u043c \u043f\u0430\u043a\u0435\u0442\u043e\u043c \u0443\u0441\u043b\u0443\u0433: \u0431\u0435\u0441\u043f\u043b\u0430\u0442\u043d\u044b\u0439 \u0437\u0430\u043c\u0435\u0440, \u0434\u043e\u0441\u0442\u0430\u0432\u043a\u0430 \u0438 \u043c\u043e\u043d\u0442\u0430\u0436! \u0422\u0430\u043a \u0436\u0435, \u043e\u043f\u043b\u0430\u0447\u0438\u0432\u0430\u0439\u0442\u0435 \u0432 \u0440\u0430\u0441\u0441\u0440\u043e\u0447\u043a\u0443, \u0434\u043e 12 \u043c\u0435\u0441\u044f\u0446\u0435\u0432, \u043f\u043e\u0434 0% \u0433\u043e\u0434\u043e\u0432\u044b\u0445. \u0428\u043e\u0443\u0440\u0443\u043c +373 61 153 153 \u041f\u043e\u043d\u0435\u0434\u0435\u043b\u044c\u043d\u0438\u043a &#8212; \u041f\u044f\u0442\u043d\u0438\u0446\u0430: 09:00 &#8212; 17:00 \u0421\u0443\u0431\u0431\u043e\u0442\u0430: \u043f\u043e \u043f\u0440\u0435\u0434\u0432\u0430\u0440\u0438\u0442\u0435\u043b\u044c\u043d\u043e\u0439 \u0437\u0430\u043f\u0438\u0441\u0438 \u0412\u043e\u0441\u043a\u0440\u0435\u0441\u0435\u043d\u044c\u0435: \u0412\u044b\u0445\u043e\u0434\u043d\u043e\u0439 \u0423\u0441\u043b\u0443\u0433\u0438 \u0437\u0430\u043c\u0435\u0440\u0430 \u0438 \u043c\u043e\u043d\u0442\u0430\u0436\u0430 +373 61 153 [&hellip;]<\/p>","protected":false},"author":1,"featured_media":0,"parent":0,"menu_order":0,"comment_status":"closed","ping_status":"closed","template":"elementor_header_footer","meta":{"footnotes":""},"class_list":["post-227","page","type-page","status-publish","hentry"],"_links":{"self":[{"href":"https:\/\/artjaluzele.md\/ro\/wp-json\/wp\/v2\/pages\/227","targetHints":{"allow":["GET"]}}],"collection":[{"href":"https:\/\/artjaluzele.md\/ro\/wp-json\/wp\/v2\/pages"}],"about":[{"href":"https:\/\/artjaluzele.md\/ro\/wp-json\/wp\/v2\/types\/page"}],"author":[{"embeddable":true,"href":"https:\/\/artjaluzele.md\/ro\/wp-json\/wp\/v2\/users\/1"}],"replies":[{"embeddable":true,"href":"https:\/\/artjaluzele.md\/ro\/wp-json\/wp\/v2\/comments?post=227"}],"version-history":[{"count":112,"href":"https:\/\/artjaluzele.md\/ro\/wp-json\/wp\/v2\/pages\/227\/revisions"}],"predecessor-version":[{"id":2583,"href":"https:\/\/artjaluzele.md\/ro\/wp-json\/wp\/v2\/pages\/227\/revisions\/2583"}],"wp:attachment":[{"href":"https:\/\/artjaluzele.md\/ro\/wp-json\/wp\/v2\/media?parent=227"}],"curies":[{"name":"wp","href":"https:\/\/api.w.org\/{rel}","templated":true}]}}